{"id":12,"date":"2022-09-21T07:31:46","date_gmt":"2022-09-21T07:31:46","guid":{"rendered":"https:\/\/demo.creativethemes.com\/blocksy\/wood\/?page_id=12"},"modified":"2025-08-26T00:36:50","modified_gmt":"2025-08-25T21:36:50","slug":"hakkinda","status":"publish","type":"page","link":"https:\/\/marinprime.com\/tr\/hakkinda\/","title":{"rendered":"Hakk\u0131nda"},"content":{"rendered":"\n<h2 class=\"wp-block-heading\"><\/h2>\n\n\n\n<div class=\"wp-block-stackable-text stk-block-text stk-block stk-d644ce7\" data-block-id=\"d644ce7\"><style>.stk-d644ce7 {margin-bottom:50px !important;}<\/style><p class=\"stk-block-text__text\"><\/p><\/div>\n\n\n\n<div class=\"wp-block-stackable-columns stk-block-columns stk-block stk-cf30632\" data-block-id=\"cf30632\"><style>.stk-cf30632 {margin-bottom:45px !important;}<\/style><div class=\"stk-row stk-inner-blocks stk-block-content stk-content-align stk-cf30632-column\">\n<div class=\"wp-block-stackable-column stk-block-column stk-column stk-block stk-4039f85\" data-v=\"4\" data-block-id=\"4039f85\"><div class=\"stk-column-wrapper stk-block-column__content stk-container stk-4039f85-container stk--no-background stk--no-padding\"><div class=\"stk-block-content stk-inner-blocks stk-4039f85-inner-blocks\">\n<figure class=\"wp-block-image size-full\"><img decoding=\"async\" width=\"1000\" height=\"750\" src=\"https:\/\/marinprime.com\/tr\/wp-content\/uploads\/2025\/08\/ehonca_photo-1.jpg\" alt=\"\" class=\"wp-image-1411\" srcset=\"https:\/\/marinprime.com\/tr\/wp-content\/uploads\/2025\/08\/ehonca_photo-1.jpg 1000w, https:\/\/marinprime.com\/tr\/wp-content\/uploads\/2025\/08\/ehonca_photo-1-300x225.jpg 300w, https:\/\/marinprime.com\/tr\/wp-content\/uploads\/2025\/08\/ehonca_photo-1-768x576.jpg 768w\" sizes=\"(max-width: 1000px) 100vw, 1000px\" \/><\/figure>\n<\/div><\/div><\/div>\n\n\n\n<div class=\"wp-block-stackable-column stk-block-column stk-column stk-block stk-79827a3\" data-v=\"4\" data-block-id=\"79827a3\"><div class=\"stk-column-wrapper stk-block-column__content stk-container stk-79827a3-container stk--no-background stk--no-padding\"><div class=\"stk-block-content stk-inner-blocks stk-79827a3-inner-blocks\">\n<div class=\"wp-block-stackable-text stk-block-text stk-block stk-e5c2140\" data-block-id=\"e5c2140\"><style>.stk-e5c2140 {margin-bottom:20px !important;}.stk-e5c2140 .stk-block-text__text{font-size:18px !important;color:var(--theme-palette-color-4, #192a3d) !important;font-weight:600 !important;font-family:\"Kreon\", Sans-serif !important;}@media screen and (max-width:999px){.stk-e5c2140 .stk-block-text__text{font-size:18px !important;}}<\/style><p class=\"stk-block-text__text has-text-color has-text-align-justify\">                                       2004 y\u0131l\u0131ndan bu yana farkl\u0131 amaca hizmet eden, 50 den fazla \u00e7e\u015fitli boyut &amp; tip ve b\u00fcy\u00fckl\u00fckte Tekne ve Yatlar\u0131n \u00fcretimine katk\u0131 sa\u011flam\u0131\u015f, kalitesi kan\u0131tlanm\u0131\u015f bir Teknik Tasar\u0131m Uzman\u0131. 2025 Y\u0131l\u0131na kadar \u00f6nde gelen ve tan\u0131nm\u0131\u015f Tersanelerin dizayn b\u00fcnyesinde rol alm\u0131\u015ft\u0131r.<\/p><\/div>\n\n\n\n<div class=\"wp-block-stackable-text stk-block-text stk-block stk-95d0b28\" data-block-id=\"95d0b28\"><style>.stk-95d0b28 {margin-bottom:18px !important;}.stk-95d0b28 .stk-block-text__text{font-size:15px !important;color:var(--theme-palette-color-4, #192a3d) !important;font-weight:500 !important;font-family:\"Kreon\", Sans-serif !important;}@media screen and (max-width:999px){.stk-95d0b28 .stk-block-text__text{font-size:15px !important;}}<\/style><p class=\"stk-block-text__text has-text-color\">Halihaz\u0131rda bir ekibiniz olsa dahi, \u00f6zellikle ilerlemenin yava\u015flama e\u011filiminde oldu\u011fu zorlu a\u015famalarda a\u015fa\u011f\u0131daki tasar\u0131m alanlar\u0131nda projenizi h\u0131z, netlik ve teknik hassasiyetle destekleyebilirim. Ayr\u0131ca, t\u00fcm ilgili disiplinlerle de en verimli tasar\u0131m d\u00fczeni ve optimum sistem entegrasyonunu sa\u011flamak i\u00e7in mevcut ekibinizle yak\u0131n \u015fekilde \u00e7al\u0131\u015fmaktan memnuniyet duyar\u0131m.<\/p><\/div>\n\n\n\n<div class=\"wp-block-stackable-text stk-block-text stk-block stk-1e17608\" data-block-id=\"1e17608\"><style>.stk-1e17608 {margin-bottom:0px !important;}.stk-1e17608 .stk-block-text__text{color:var(--theme-palette-color-2, #1559ed) !important;font-weight:500 !important;font-family:\"Afacad\", Sans-serif !important;}<\/style><p class=\"stk-block-text__text has-text-color has-text-align-left\">\u2022 Plan &amp; 2D \u00c7izim ve Taslaklar\u0131<br>\u2022 Klas Kurulu\u015flar\u0131 &#8211; Uyumlu \u00c7izimler<br>\u2022 2D (GA) Genel Aranjman &amp; Taslak Planlar\u0131<br>\u2022 3D Modelleme<\/p><\/div>\n\n\n\n<div class=\"wp-block-stackable-text stk-block-text stk-block stk-287a389\" data-block-id=\"287a389\"><style>.stk-287a389 {margin-bottom:0px !important;}.stk-287a389 .stk-block-text__text{color:var(--theme-palette-color-2, #1559ed) !important;font-weight:500 !important;font-family:\"Afacad\", Sans-serif !important;}<\/style><p class=\"stk-block-text__text has-text-color has-text-align-left\">\u2022 Saha \u00dcretim detaylar\u0131 &#8211; Deniz Suyu Sistemleri &#8211; Devre Tasar\u0131mlar\u0131<br>\u2022 Kompozit &amp; Kal\u0131p ve Eksiz detaylar\u0131<br>\u2022 Kablo Yollar\u0131 &amp; Elektrik Panel \/ Pano Yerle\u015fimleri<\/p><\/div>\n\n\n\n<div class=\"wp-block-stackable-text stk-block-text stk-block stk-50d442f\" data-block-id=\"50d442f\"><style>.stk-50d442f {margin-bottom:0px !important;}.stk-50d442f .stk-block-text__text{color:var(--theme-palette-color-2, #1559ed) !important;font-weight:500 !important;font-family:\"Afacad\", Sans-serif !important;}<\/style><p class=\"stk-block-text__text has-text-color has-text-align-left\">\u2022 Ekipman Y\u00fcklemeleri, Duvar ve B\u00f6l\u00fcmlendirmeler<br>\u2022 Ana Makine &amp; Ba\u011flant\u0131 &#8211; Cradle \/ Be\u015fik Dizayn\u0131<\/p><\/div>\n\n\n\n<div class=\"wp-block-stackable-text stk-block-text stk-block stk-7f2d22e\" data-block-id=\"7f2d22e\"><style>.stk-7f2d22e .stk-block-text__text{color:var(--theme-palette-color-2, #1559ed) !important;font-weight:500 !important;font-family:\"Afacad\", Sans-serif !important;}<\/style><p class=\"stk-block-text__text has-text-color has-text-align-left\">\u2022 D\u0131\u015f Y\u00fczey &amp; Lokal Konsept Dizayn\u0131 ve Render<br>\u2022 Plan &amp; K\u0131yafet \u00c7izimleri ve Taslaklar\u0131<\/p><\/div>\n\n\n\n<div class=\"wp-block-stackable-heading stk-block-heading stk-block-heading--v2 stk-block stk-96d1bec\" id=\"buyuyen-network-referanslarim-arasinda-sizleri-gormekten-memnuniyet-duyarim-br-br-uretim-surecine-ivme-ve-netlik-kazandirmak-nihai-kaliteyi-urununuze-yansitmak-icin-bu-firsattan-yararlanabilirsiniz-br-br-bir-mesaj-birakmak-veya-iletisime-gecmekten-cekinmeyin\" data-block-id=\"96d1bec\"><style>.stk-96d1bec .stk-block-heading__text{color:var(--theme-palette-color-4, #192a3d) !important;font-weight:400 !important;font-family:\"Afacad\", Sans-serif !important;}<\/style><h6 class=\"stk-block-heading__text has-text-color\">B\u00fcy\u00fcyen network referanslar\u0131m aras\u0131nda sizleri g\u00f6rmekten memnuniyet duyar\u0131m.<br><br>\u00dcretim s\u00fcrecine ivme ve netlik kazand\u0131rmak, nihai kaliteyi \u00fcr\u00fcn\u00fcn\u00fcze yans\u0131tmak i\u00e7in bu f\u0131rsattan yararlanabilirsiniz.<br><br>Bir mesaj b\u0131rakmak veya ileti\u015fime ge\u00e7mekten \u00e7ekinmeyin.<\/h6><\/div>\n\n\n\n<blockquote class=\"wp-block-quote is-layout-flow wp-block-quote-is-layout-flow\">\n<p><\/p>\n<\/blockquote>\n\n\n\n<div class=\"wp-block-stackable-button-group stk-block-button-group stk-block stk-231e3bc\" data-block-id=\"231e3bc\"><div class=\"stk-row stk-inner-blocks has-text-align-center stk-block-content stk-button-group\">\n<div class=\"wp-block-stackable-button stk-block-button stk-block stk-4bc7500\" data-block-id=\"4bc7500\"><style>.stk-4bc7500 .stk-button{border-top-left-radius:8px !important;border-top-right-radius:8px !important;border-bottom-right-radius:8px !important;border-bottom-left-radius:8px !important;}<\/style><a class=\"stk-link stk-button stk--hover-effect-darken\" href=\"https:\/\/marinprime.com\/tr\/iletisim\"><span class=\"stk-button__inner-text\">\u0130letisim<\/span><\/a><\/div>\n<\/div><\/div>\n<\/div><\/div><\/div>\n<\/div><\/div>\n\n\n\n<div class=\"wp-block-stackable-text stk-block-text stk-block stk-b78becd\" data-block-id=\"b78becd\"><p class=\"stk-block-text__text\"><\/p><\/div>\n","protected":false},"excerpt":{"rendered":"<p>2004 y\u0131l\u0131ndan bu yana farkl\u0131 amaca hizmet eden, 50 den fazla \u00e7e\u015fitli boyut &amp; tip ve b\u00fcy\u00fckl\u00fckte Tekne ve Yatlar\u0131n \u00fcretimine katk\u0131 sa\u011flam\u0131\u015f, kalitesi kan\u0131tlanm\u0131\u015f bir Teknik Tasar\u0131m Uzman\u0131. 2025 Y\u0131l\u0131na kadar \u00f6nde gelen ve tan\u0131nm\u0131\u015f Tersanelerin dizayn b\u00fcnyesinde rol alm\u0131\u015ft\u0131r. Halihaz\u0131rda bir ekibiniz olsa dahi, \u00f6zellikle ilerlemenin yava\u015flama e\u011filiminde oldu\u011fu zorlu a\u015famalarda a\u015fa\u011f\u0131daki tasar\u0131m [&hellip;]<\/p>\n","protected":false},"author":1,"featured_media":0,"parent":0,"menu_order":0,"comment_status":"closed","ping_status":"closed","template":"","meta":{"footnotes":""},"class_list":["post-12","page","type-page","status-publish","hentry"],"blocksy_meta":{"styles_descriptor":{"styles":{"desktop":"","tablet":"","mobile":""},"google_fonts":[],"version":6},"page_title_panel":"","has_hero_section":"disabled","30bc2ffcfb8806c7c5c158e966a65760":"","hero_section":"type-1","hero_elements":[{"id":"custom_title","enabled":true,"heading_tag":"h1","title":"Home"},{"id":"custom_description","enabled":true,"description_visibility":{"desktop":true,"tablet":true,"mobile":false}},{"id":"custom_meta","enabled":false,"meta_elements":[{"id":"author","enabled":true,"label":"By","has_author_avatar":"yes","avatar_size":25},{"id":"post_date","enabled":true,"label":"On","date_format_source":"default","date_format":"M j, Y"},{"id":"updated_date","enabled":false,"label":"On","date_format_source":"default","date_format":"M j, Y"},{"id":"categories","enabled":false,"label":"In","style":"simple"},{"id":"comments","enabled":true}],"page_meta_elements":{"joined":true,"articles_count":true,"comments":true}},{"id":"breadcrumbs","enabled":false}],"055c9ea96aa1d3b3012b15ac5702cc32":"","hero_alignment1":"CT_CSS_SKIP_RULE","hero_margin":40,"hero_alignment2":"center","hero_vertical_alignment":"center","f3bf3006ea8c007c3d38f124746bfa69":"","hero_structure":"narrow","3b08f62b2d3d61f1e4ab90d33ca533ce":"","page_title_bg_type":"featured_image","custom_hero_background":{"attachment_id":null},"page_title_image_size":"full","parallax":{"desktop":false,"tablet":false,"mobile":false},"8054fd0d19580bce629d54e8b2c1c046":"","hero_height":"250px","pageTitleFont":{"family":"Default","variation":"Default","size":"30px","line-height":"CT_CSS_SKIP_RULE","letter-spacing":"CT_CSS_SKIP_RULE","text-transform":"CT_CSS_SKIP_RULE","text-decoration":"CT_CSS_SKIP_RULE"},"pageTitleFontColor":{"default":{"color":"CT_CSS_SKIP_RULEDEFAULT"}},"pageMetaFont":{"family":"Default","variation":"n6","size":"12px","line-height":"1.3","letter-spacing":"CT_CSS_SKIP_RULE","text-transform":"uppercase","text-decoration":"CT_CSS_SKIP_RULE"},"pageMetaFontColor":{"default":{"color":"CT_CSS_SKIP_RULEDEFAULT"},"hover":{"color":"CT_CSS_SKIP_RULEDEFAULT"}},"page_meta_button_type_font_colors":{"default":{"color":"CT_CSS_SKIP_RULEDEFAULT"},"hover":{"color":"CT_CSS_SKIP_RULEDEFAULT"}},"page_meta_button_type_background_colors":{"default":{"color":"CT_CSS_SKIP_RULEDEFAULT"},"hover":{"color":"CT_CSS_SKIP_RULEDEFAULT"}},"pageExcerptFont":{"family":"Default","variation":"Default","size":"CT_CSS_SKIP_RULE","line-height":"CT_CSS_SKIP_RULE","letter-spacing":"CT_CSS_SKIP_RULE","text-transform":"CT_CSS_SKIP_RULE","text-decoration":"CT_CSS_SKIP_RULE"},"pageExcerptColor":{"default":{"color":"CT_CSS_SKIP_RULEDEFAULT"}},"breadcrumbsFont":{"family":"Default","variation":"Default","size":"CT_CSS_SKIP_RULE","line-height":"CT_CSS_SKIP_RULE","letter-spacing":"CT_CSS_SKIP_RULE","text-transform":"CT_CSS_SKIP_RULE","text-decoration":"CT_CSS_SKIP_RULE"},"breadcrumbsFontColor":{"default":{"color":"CT_CSS_SKIP_RULEDEFAULT"},"initial":{"color":"CT_CSS_SKIP_RULEDEFAULT"},"hover":{"color":"CT_CSS_SKIP_RULEDEFAULT"}},"pageTitleOverlay":{"background_type":"color","background_pattern":"type-1","background_image":{"attachment_id":null,"x":0,"y":0},"gradient":"linear-gradient(135deg,rgba(6,147,227,1) 0%,rgb(155,81,224) 100%)","background_repeat":"repeat","background_size":"auto","background_attachment":"scroll","patternColor":{"default":{"color":"#e5e7ea"}},"overlayColor":{"default":{"color":"CT_CSS_SKIP_RULE"}},"backgroundColor":{"default":{"color":"CT_CSS_SKIP_RULE"}}},"pageTitleBackground":{"background_type":"color","background_pattern":"type-1","background_image":{"attachment_id":null,"x":0,"y":0},"gradient":"linear-gradient(135deg,rgba(6,147,227,1) 0%,rgb(155,81,224) 100%)","background_repeat":"repeat","background_size":"auto","background_attachment":"scroll","patternColor":{"default":{"color":"#e5e7ea"}},"overlayColor":{"default":{"color":"CT_CSS_SKIP_RULE"}},"backgroundColor":{"default":{"color":"var(--theme-palette-color-6)"}}},"pageTitlePadding":{"top":"50px","bottom":"50px","left":"auto","right":"auto","linked":true},"295552b992ae0b3e5ed6d86c208e1a9b":"","page_structure_type":"default","9c977c51da051d8e9d3bfa2534ee29fe":"","content_style_source":"inherit","content_style":"wide","vertical_spacing_source":"custom","content_area_spacing":"none","background":{"background_type":"color","background_pattern":"type-1","background_image":{"attachment_id":null,"x":0,"y":0},"gradient":"linear-gradient(135deg,rgba(6,147,227,1) 0%,rgb(155,81,224) 100%)","background_repeat":"repeat","background_size":"auto","background_attachment":"scroll","patternColor":{"default":{"color":"#e5e7ea"}},"overlayColor":{"default":{"color":"CT_CSS_SKIP_RULE"}},"backgroundColor":{"default":{"color":"CT_CSS_SKIP_RULE"}}},"content_background":{"background_type":"color","background_pattern":"type-1","background_image":{"attachment_id":null,"x":0,"y":0},"gradient":"linear-gradient(135deg,rgba(6,147,227,1) 0%,rgb(155,81,224) 100%)","background_repeat":"repeat","background_size":"auto","background_attachment":"scroll","patternColor":{"default":{"color":"#e5e7ea"}},"overlayColor":{"default":{"color":"CT_CSS_SKIP_RULE"}},"backgroundColor":{"default":{"color":"var(--theme-palette-color-8)"}}},"content_boxed_shadow":{"inherit":false,"blur":18,"spread":-6,"v_offset":12,"h_offset":0,"inset":false,"enable":true,"color":{"color":"rgba(34, 56, 101, 0.04)"}},"content_boxed_border":{"width":1,"style":"none","color":{"color":"rgba(44,62,80,0.2)"}},"content_boxed_radius":{"top":"3px","bottom":"3px","left":"3px","right":"3px","linked":true},"boxed_content_spacing":{"desktop":{"top":"40px","bottom":"40px","left":"40px","right":"40px","linked":true},"tablet":{"top":"35px","bottom":"35px","left":"35px","right":"35px","linked":true},"mobile":{"top":"20px","bottom":"20px","left":"20px","right":"20px","linked":true}},"3d8f2192bb3e81289975adccbeaf9c52":"","disable_featured_image":"no","disable_share_box":"no","disable_header":"no","disable_footer":"no"},"_links":{"self":[{"href":"https:\/\/marinprime.com\/tr\/wp-json\/wp\/v2\/pages\/12","targetHints":{"allow":["GET"]}}],"collection":[{"href":"https:\/\/marinprime.com\/tr\/wp-json\/wp\/v2\/pages"}],"about":[{"href":"https:\/\/marinprime.com\/tr\/wp-json\/wp\/v2\/types\/page"}],"author":[{"embeddable":true,"href":"https:\/\/marinprime.com\/tr\/wp-json\/wp\/v2\/users\/1"}],"replies":[{"embeddable":true,"href":"https:\/\/marinprime.com\/tr\/wp-json\/wp\/v2\/comments?post=12"}],"version-history":[{"count":5,"href":"https:\/\/marinprime.com\/tr\/wp-json\/wp\/v2\/pages\/12\/revisions"}],"predecessor-version":[{"id":1506,"href":"https:\/\/marinprime.com\/tr\/wp-json\/wp\/v2\/pages\/12\/revisions\/1506"}],"wp:attachment":[{"href":"https:\/\/marinprime.com\/tr\/wp-json\/wp\/v2\/media?parent=12"}],"curies":[{"name":"wp","href":"https:\/\/api.w.org\/{rel}","templated":true}]}}