{"id":1149,"date":"2025-01-11T00:59:39","date_gmt":"2025-01-10T21:59:39","guid":{"rendered":"https:\/\/www.marinprime.com\/?page_id=1149"},"modified":"2025-08-26T02:10:40","modified_gmt":"2025-08-25T23:10:40","slug":"ongoing-projects","status":"publish","type":"page","link":"https:\/\/marinprime.com\/tr\/projeler\/ongoing-projects\/","title":{"rendered":"Referanslar"},"content":{"rendered":"\n<blockquote class=\"wp-block-quote is-layout-flow wp-block-quote-is-layout-flow\">\n<h2 class=\"wp-block-heading\">Referanslar<\/h2>\n<\/blockquote>\n\n\n\n<div class=\"wp-block-columns is-layout-flex wp-container-core-columns-is-layout-28f84493 wp-block-columns-is-layout-flex\">\n<div class=\"wp-block-column is-layout-flow wp-block-column-is-layout-flow\">\n<div class=\"wp-block-stackable-text stk-block-text stk-block stk-e92958b\" data-block-id=\"e92958b\"><style>.stk-e92958b .stk-block-text__text{font-size:22px !important;}@media screen and (max-width:999px){.stk-e92958b .stk-block-text__text{font-size:22px !important;}}<\/style><p class=\"stk-block-text__text\"><span style=\"color: var(--theme-palette-color-1, #45AFE4);\" class=\"stk-highlight\"><strong>Marin Prime<\/strong><\/span><span style=\"color: var(--theme-palette-color-4, #192a3d);\" class=\"stk-highlight\">,<strong> <\/strong>Sekt\u00f6rde tan\u0131nan bir\u00e7ok de\u011ferli firma ile i\u015f tesliminde referans network stat\u00fcs\u00fcne kavu\u015fmu\u015ftur.<\/span><\/p><\/div>\n<\/div>\n\n\n\n<div class=\"wp-block-column is-layout-flow wp-block-column-is-layout-flow\"><\/div>\n<\/div>\n\n\n\n<div class=\"wp-block-columns is-layout-flex wp-container-core-columns-is-layout-28f84493 wp-block-columns-is-layout-flex\">\n<div class=\"wp-block-column is-layout-flow wp-block-column-is-layout-flow\">\n<div class=\"wp-block-columns is-layout-flex wp-container-core-columns-is-layout-28f84493 wp-block-columns-is-layout-flex\">\n<div class=\"wp-block-column is-layout-flow wp-block-column-is-layout-flow\">\n<div class=\"wp-block-stackable-image stk-block-image stk-block stk-03b311d\" data-block-id=\"03b311d\"><style>.stk-03b311d .stk-img-wrapper{width:60% !important;}.stk-03b311d .stk-img-wrapper::after, .stk-03b311d .stk-img-wrapper::before{mix-blend-mode:color-dodge !important;}<\/style><figure><span class=\"stk-img-wrapper stk-image--shape-stretch\"><img decoding=\"async\" class=\"stk-img wp-image-1369\" src=\"https:\/\/marinprime.com\/tr\/wp-content\/uploads\/2025\/08\/Arkin_Pruva_Yachts_logo-1.jpg\" width=\"400\" height=\"400\" alt=\"Ark\u0131n Pruva Yachts\" srcset=\"https:\/\/marinprime.com\/tr\/wp-content\/uploads\/2025\/08\/Arkin_Pruva_Yachts_logo-1.jpg 400w, https:\/\/marinprime.com\/tr\/wp-content\/uploads\/2025\/08\/Arkin_Pruva_Yachts_logo-1-300x300.jpg 300w, https:\/\/marinprime.com\/tr\/wp-content\/uploads\/2025\/08\/Arkin_Pruva_Yachts_logo-1-150x150.jpg 150w\" sizes=\"(max-width: 400px) 100vw, 400px\" \/><\/span><\/figure><\/div>\n\n\n\n<div class=\"wp-block-stackable-text stk-block-text stk-block stk-70e44a6\" data-block-id=\"70e44a6\"><style>.stk-70e44a6 .stk-block-text__text{font-size:19px !important;}@media screen and (max-width:999px){.stk-70e44a6 .stk-block-text__text{font-size:19px !important;}}<\/style><p class=\"stk-block-text__text has-text-align-center\"><strong>Ark\u0131n Pruva Yachts<\/strong><\/p><\/div>\n<\/div>\n\n\n\n<div class=\"wp-block-column is-layout-flow wp-block-column-is-layout-flow\">\n<div class=\"wp-block-stackable-image stk-block-image stk-block stk-cb82d86\" data-block-id=\"cb82d86\"><style>.stk-cb82d86 .stk-img-wrapper{width:60% !important;}<\/style><figure><span class=\"stk-img-wrapper stk-image--shape-stretch\"><img decoding=\"async\" class=\"stk-img wp-image-1370\" src=\"https:\/\/marinprime.com\/tr\/wp-content\/uploads\/2025\/08\/Yacht_Fix_Marine_Technical_Support_Logo-1.jpg\" width=\"400\" height=\"400\" srcset=\"https:\/\/marinprime.com\/tr\/wp-content\/uploads\/2025\/08\/Yacht_Fix_Marine_Technical_Support_Logo-1.jpg 400w, https:\/\/marinprime.com\/tr\/wp-content\/uploads\/2025\/08\/Yacht_Fix_Marine_Technical_Support_Logo-1-300x300.jpg 300w, https:\/\/marinprime.com\/tr\/wp-content\/uploads\/2025\/08\/Yacht_Fix_Marine_Technical_Support_Logo-1-150x150.jpg 150w\" sizes=\"(max-width: 400px) 100vw, 400px\" \/><\/span><\/figure><\/div>\n\n\n\n<div class=\"wp-block-stackable-text stk-block-text stk-block stk-1cbcd34\" data-block-id=\"1cbcd34\"><style>.stk-1cbcd34 .stk-block-text__text{font-size:17px !important;}@media screen and (max-width:999px){.stk-1cbcd34 .stk-block-text__text{font-size:17px !important;}}<\/style><p class=\"stk-block-text__text has-text-align-center\"><strong>Yacht-FiX Marine Technical Support<\/strong><\/p><\/div>\n<\/div>\n\n\n\n<div class=\"wp-block-column is-layout-flow wp-block-column-is-layout-flow\">\n<div class=\"wp-block-stackable-image stk-block-image stk-block stk-89b6554\" data-block-id=\"89b6554\"><style>.stk-89b6554 .stk-img-wrapper{width:60% !important;}<\/style><figure><span class=\"stk-img-wrapper stk-image--shape-stretch\"><img decoding=\"async\" class=\"stk-img wp-image-1368\" src=\"https:\/\/marinprime.com\/tr\/wp-content\/uploads\/2025\/08\/Agas_Yacht_Logo-1.jpg\" width=\"400\" height=\"400\" srcset=\"https:\/\/marinprime.com\/tr\/wp-content\/uploads\/2025\/08\/Agas_Yacht_Logo-1.jpg 400w, https:\/\/marinprime.com\/tr\/wp-content\/uploads\/2025\/08\/Agas_Yacht_Logo-1-300x300.jpg 300w, https:\/\/marinprime.com\/tr\/wp-content\/uploads\/2025\/08\/Agas_Yacht_Logo-1-150x150.jpg 150w\" sizes=\"(max-width: 400px) 100vw, 400px\" \/><\/span><\/figure><\/div>\n\n\n\n<div class=\"wp-block-stackable-text stk-block-text stk-block stk-de6b7ca\" data-block-id=\"de6b7ca\"><style>.stk-de6b7ca .stk-block-text__text{font-size:19px !important;}@media screen and (max-width:999px){.stk-de6b7ca .stk-block-text__text{font-size:19px !important;}}<\/style><p class=\"stk-block-text__text has-text-align-center\"><strong>Agas Yachts<\/strong><\/p><\/div>\n<\/div>\n<\/div>\n<\/div>\n<\/div>\n\n\n\n<div class=\"wp-block-columns is-layout-flex wp-container-core-columns-is-layout-28f84493 wp-block-columns-is-layout-flex\">\n<div class=\"wp-block-column is-layout-flow wp-block-column-is-layout-flow\" style=\"flex-basis:100%\"><\/div>\n<\/div>\n\n\n\n<div class=\"wp-block-stackable-button-group stk-block-button-group stk-block stk-f707a83\" data-block-id=\"f707a83\"><style>.stk-f707a83 {border-top-left-radius:5px !important;border-top-right-radius:5px !important;border-bottom-right-radius:5px !important;border-bottom-left-radius:5px !important;overflow:hidden !important;box-shadow:none !important;min-height:0px !important;padding-top:4px !important;padding-right:4px !important;padding-bottom:4px !important;padding-left:4px !important;margin-bottom:6px !important;margin-left:89px !important;}.stk-f707a83 .stk-inner-blocks{column-gap:12px !important;row-gap:12px !important;}<\/style><div class=\"stk-row stk-inner-blocks has-text-align-left stk-block-content stk-button-group\">\n<div class=\"wp-block-stackable-button stk-block-button is-style-ghost stk-block stk-759b5c6\" data-block-id=\"759b5c6\"><style>.stk-759b5c6 {max-width:1500px !important;min-width:auto !important;margin-right:22px !important;margin-left:83px !important;}.stk-759b5c6 .stk-button{background:var(--theme-palette-color-6, #f2f5f7) !important;border-top-left-radius:4px !important;border-top-right-radius:4px !important;border-bottom-right-radius:4px !important;border-bottom-left-radius:4px !important;}.stk-759b5c6 .stk-button:hover:after{background:var(--theme-palette-color-8, #ffffff) !important;opacity:1 !important;}:where(.stk-hover-parent:hover,  .stk-hover-parent.stk--is-hovered) .stk-759b5c6 .stk-button:after{background:transparent !important;opacity:1 !important;}.stk-759b5c6 .stk-button:before{box-shadow:0 0 0 2px #7878781a !important;border-style:solid !important;}.stk-759b5c6 .stk-button:hover:before{border-top-width:3px !important;border-right-width:3px !important;border-bottom-width:3px !important;border-left-width:3px !important;}.stk-759b5c6 .stk-button .stk--inner-svg svg:last-child{height:21px !important;width:21px !important;opacity:1 !important;}.stk-759b5c6 .stk-button__inner-text{color:#0693e3 !important;}<\/style><a class=\"stk-link stk-button stk--hover-effect-darken\" href=\"https:\/\/marinprime.com\/tr\/iletisim\"><span class=\"stk--svg-wrapper\"><div class=\"stk--inner-svg\"><svg xmlns=\"http:\/\/www.w3.org\/2000\/svg\" viewBox=\"0 0 448 512\" aria-hidden=\"true\" width=\"32\" height=\"32\"><path d=\"M438.6 278.6c12.5-12.5 12.5-32.8 0-45.3l-160-160c-12.5-12.5-32.8-12.5-45.3 0s-12.5 32.8 0 45.3L338.8 224 32 224c-17.7 0-32 14.3-32 32s14.3 32 32 32l306.7 0L233.4 393.4c-12.5 12.5-12.5 32.8 0 45.3s32.8 12.5 45.3 0l160-160z\"><\/path><\/svg><\/div><\/span><span class=\"has-text-color stk-button__inner-text\"><strong>\u0130leti\u015fim<\/strong><\/span><\/a><\/div>\n<\/div><\/div>\n\n\n\n<div class=\"wp-block-stackable-text stk-block-text stk-block stk-f3d48c8\" data-block-id=\"f3d48c8\"><p class=\"stk-block-text__text\"><\/p><\/div>\n","protected":false},"excerpt":{"rendered":"<p>Referanslar Marin Prime, Sekt\u00f6rde tan\u0131nan bir\u00e7ok de\u011ferli firma ile i\u015f tesliminde referans network stat\u00fcs\u00fcne kavu\u015fmu\u015ftur. Ark\u0131n Pruva Yachts Yacht-FiX Marine Technical Support Agas Yachts \u0130leti\u015fim<\/p>\n","protected":false},"author":1,"featured_media":0,"parent":1146,"menu_order":0,"comment_status":"closed","ping_status":"closed","template":"","meta":{"footnotes":""},"class_list":["post-1149","page","type-page","status-publish","hentry"],"blocksy_meta":[],"_links":{"self":[{"href":"https:\/\/marinprime.com\/tr\/wp-json\/wp\/v2\/pages\/1149","targetHints":{"allow":["GET"]}}],"collection":[{"href":"https:\/\/marinprime.com\/tr\/wp-json\/wp\/v2\/pages"}],"about":[{"href":"https:\/\/marinprime.com\/tr\/wp-json\/wp\/v2\/types\/page"}],"author":[{"embeddable":true,"href":"https:\/\/marinprime.com\/tr\/wp-json\/wp\/v2\/users\/1"}],"replies":[{"embeddable":true,"href":"https:\/\/marinprime.com\/tr\/wp-json\/wp\/v2\/comments?post=1149"}],"version-history":[{"count":23,"href":"https:\/\/marinprime.com\/tr\/wp-json\/wp\/v2\/pages\/1149\/revisions"}],"predecessor-version":[{"id":1571,"href":"https:\/\/marinprime.com\/tr\/wp-json\/wp\/v2\/pages\/1149\/revisions\/1571"}],"up":[{"embeddable":true,"href":"https:\/\/marinprime.com\/tr\/wp-json\/wp\/v2\/pages\/1146"}],"wp:attachment":[{"href":"https:\/\/marinprime.com\/tr\/wp-json\/wp\/v2\/media?parent=1149"}],"curies":[{"name":"wp","href":"https:\/\/api.w.org\/{rel}","templated":true}]}}